{"id":2548,"date":"2026-04-13T18:21:29","date_gmt":"2026-04-13T16:21:29","guid":{"rendered":"https:\/\/ayako-art.ch\/?post_type=product&#038;p=2548"},"modified":"2026-04-13T23:03:24","modified_gmt":"2026-04-13T21:03:24","slug":"atelier-peinture-sur-verre-special-studio-ghibli","status":"publish","type":"product","link":"https:\/\/ayako-art.ch\/?product=atelier-peinture-sur-verre-special-studio-ghibli","title":{"rendered":"Atelier peinture sur verre &#8211; Sp\u00e9cial Studio Ghibli"},"content":{"rendered":"<p><span data-teams=\"true\"><b>\u00a0Informations<\/b><\/span><\/p>\n<p>\ud83d\udcc5 17 mai 2026<br \/>\n\ud83d\udccd Pop-up store \u2013 Lausanne \/ <span data-teams=\"true\">Escaliers du march\u00e9 2, 1002 Lausanne<br \/>\n<\/span><\/p>\n<p><span data-teams=\"true\">\ud83d\udd50 Session 1 : 10h \u2013 13h (Brunch) \u2013 79 CHF<br \/>\n\ud83d\udd51 Session 2 : 14h \u2013 17h (Go\u00fbter) \u2013 69 CHF<\/span><\/p>\n<p><b>Pour qui ?<\/b><\/p>\n<p><span data-teams=\"true\">Que tu viennes seul(e), entre amis, en couple ou en famille, cet atelier est ouvert \u00e0 tous.<\/span><\/p>\n<p>C\u2019est l\u2019occasion parfaite de :<br \/>\n\u2022 te d\u00e9tendre<br \/>\n\u2022 cr\u00e9er<br \/>\n\u2022 partager un moment unique<\/p>\n<p>\u26a0\ufe0f<b> Places limit\u00e9es<\/b><\/p>\n<p>Pour garantir un moment de qualit\u00e9, les places sont limit\u00e9es.<\/p>\n<p>\ud83d\udc49 R\u00e9serve ta place d\u00e8s maintenant et viens vivre cette exp\u00e9rience cr\u00e9ative et gourmande \u2728<\/p>\n","protected":false},"excerpt":{"rendered":"<p><span data-teams=\"true\">Offre-toi un moment hors du temps, entre cr\u00e9ativit\u00e9 et douceur \u2728<br \/>\nJe t\u2019invite \u00e0 vivre une exp\u00e9rience unique o\u00f9 tu pourras cr\u00e9er ta propre peinture sur verre inspir\u00e9e de l\u2019univers Studio Ghibli, m\u00eame si tu es d\u00e9butant.<br \/>\nJe serai l\u00e0 pour t\u2019accompagner pas \u00e0 pas, dans une ambiance chaleureuse et bienveillante, pour que tu puisses profiter pleinement de ce moment.<\/span><\/p>\n<p><span data-teams=\"true\"><b>Une exp\u00e9rience cr\u00e9ative et gourmande \ud83c\udf3f<\/b><br \/>\nPour cet atelier, je suis ravie de collaborer avec Maeva, p\u00e2tissi\u00e8re passionn\u00e9e, qui t\u2019accompagnera avec de d\u00e9licieuses cr\u00e9ation faites maison \ud83e\uddc1\u2728<br \/>\n<\/span><\/p>\n<p><span data-teams=\"true\"><b>Ce que comprend l\u2019atelier \ud83c\udfa8<\/b><br \/>\n\u2022 Tout le mat\u00e9riel (verre, peintures, pinceaux)<br \/>\n\u2022 Brunch ou go\u00fbter en fonction de l&rsquo;horraire choisi<br \/>\n\u2022 Un sac surprise avec goodies \ud83c\udf81<\/span><\/p>\n<p><strong>Tu pourras choisir parmi 4 personnages<\/strong> : <span data-teams=\"true\">Chihiro, Haku, Totoro et Jiji (Kiki la petite sorci\u00e8re)<\/span><\/p>\n<p>Si tu souhaites un autre personnage, \u00e9cris-moi en priv\u00e9 apr\u00e8s ta r\u00e9servation afin que je puisse pr\u00e9parer ton kit. \u2728<\/p>\n","protected":false},"featured_media":2576,"comment_status":"open","ping_status":"closed","template":"","meta":[],"product_brand":[],"product_cat":[43],"product_tag":[],"class_list":{"0":"post-2548","1":"product","2":"type-product","3":"status-publish","4":"has-post-thumbnail","6":"product_cat-atelier-peinture-sur-verre","8":"first","9":"instock","10":"shipping-taxable","11":"purchasable","12":"product-type-variable"},"yoast_head":"<!-- This site is optimized with the Yoast SEO plugin v27.3 - https:\/\/yoast.com\/product\/yoast-seo-wordpress\/ -->\n<title>Atelier peinture sur verre - Sp\u00e9cial Studio Ghibli - Ayako Art<\/title>\n<meta name=\"robots\" content=\"index, follow, max-snippet:-1, max-image-preview:large, max-video-preview:-1\" \/>\n<link rel=\"canonical\" href=\"https:\/\/ayako-art.ch\/?product=atelier-peinture-sur-verre-special-studio-ghibli\" \/>\n<meta property=\"og:locale\" content=\"fr_FR\" \/>\n<meta property=\"og:type\" content=\"article\" \/>\n<meta property=\"og:title\" content=\"Atelier peinture sur verre - Sp\u00e9cial Studio Ghibli - Ayako Art\" \/>\n<meta property=\"og:description\" content=\"Offre-toi un moment hors du temps, entre cr\u00e9ativit\u00e9 et douceur \u2728 Je t\u2019invite \u00e0 vivre une exp\u00e9rience unique o\u00f9 tu pourras cr\u00e9er ta propre peinture sur verre inspir\u00e9e de l\u2019univers Studio Ghibli, m\u00eame si tu es d\u00e9butant. Je serai l\u00e0 pour t\u2019accompagner pas \u00e0 pas, dans une ambiance chaleureuse et bienveillante, pour que tu puisses profiter pleinement de ce moment.  Une exp\u00e9rience cr\u00e9ative et gourmande \ud83c\udf3f Pour cet atelier, je suis ravie de collaborer avec Maeva, p\u00e2tissi\u00e8re passionn\u00e9e, qui t\u2019accompagnera avec de d\u00e9licieuses cr\u00e9ation faites maison \ud83e\uddc1\u2728   Ce que comprend l\u2019atelier \ud83c\udfa8 \u2022 Tout le mat\u00e9riel (verre, peintures, pinceaux) \u2022 Brunch ou go\u00fbter en fonction de l&#039;horraire choisi \u2022 Un sac surprise avec goodies \ud83c\udf81  Tu pourras choisir parmi 4 personnages : Chihiro, Haku, Totoro et Jiji (Kiki la petite sorci\u00e8re)  Si tu souhaites un autre personnage, \u00e9cris-moi en priv\u00e9 apr\u00e8s ta r\u00e9servation afin que je puisse pr\u00e9parer ton kit. \u2728\" \/>\n<meta property=\"og:url\" content=\"https:\/\/ayako-art.ch\/?product=atelier-peinture-sur-verre-special-studio-ghibli\" \/>\n<meta property=\"og:site_name\" content=\"Ayako Art\" \/>\n<meta property=\"article:modified_time\" content=\"2026-04-13T21:03:24+00:00\" \/>\n<meta property=\"og:image\" content=\"https:\/\/ayako-art.ch\/wp-content\/uploads\/2026\/04\/Orange-and-Green-Playful-Creative-Workshop-Instagram-Post-2048-x-2048-px.png\" \/>\n\t<meta property=\"og:image:width\" content=\"2048\" \/>\n\t<meta property=\"og:image:height\" content=\"2048\" \/>\n\t<meta property=\"og:image:type\" content=\"image\/png\" \/>\n<meta name=\"twitter:card\" content=\"summary_large_image\" \/>\n<script type=\"application\/ld+json\" class=\"yoast-schema-graph\">{\"@context\":\"https:\\\/\\\/schema.org\",\"@graph\":[{\"@type\":\"WebPage\",\"@id\":\"https:\\\/\\\/ayako-art.ch\\\/?product=atelier-peinture-sur-verre-special-studio-ghibli\",\"url\":\"https:\\\/\\\/ayako-art.ch\\\/?product=atelier-peinture-sur-verre-special-studio-ghibli\",\"name\":\"Atelier peinture sur verre - Sp\u00e9cial Studio Ghibli - Ayako Art\",\"isPartOf\":{\"@id\":\"https:\\\/\\\/ayako-art.ch\\\/#website\"},\"primaryImageOfPage\":{\"@id\":\"https:\\\/\\\/ayako-art.ch\\\/?product=atelier-peinture-sur-verre-special-studio-ghibli#primaryimage\"},\"image\":{\"@id\":\"https:\\\/\\\/ayako-art.ch\\\/?product=atelier-peinture-sur-verre-special-studio-ghibli#primaryimage\"},\"thumbnailUrl\":\"https:\\\/\\\/ayako-art.ch\\\/wp-content\\\/uploads\\\/2026\\\/04\\\/b1e45ce8-170e-4aaf-bcab-86edc600f76c-scaled.jpeg\",\"datePublished\":\"2026-04-13T16:21:29+00:00\",\"dateModified\":\"2026-04-13T21:03:24+00:00\",\"breadcrumb\":{\"@id\":\"https:\\\/\\\/ayako-art.ch\\\/?product=atelier-peinture-sur-verre-special-studio-ghibli#breadcrumb\"},\"inLanguage\":\"fr-FR\",\"potentialAction\":[{\"@type\":\"ReadAction\",\"target\":[\"https:\\\/\\\/ayako-art.ch\\\/?product=atelier-peinture-sur-verre-special-studio-ghibli\"]}]},{\"@type\":\"ImageObject\",\"inLanguage\":\"fr-FR\",\"@id\":\"https:\\\/\\\/ayako-art.ch\\\/?product=atelier-peinture-sur-verre-special-studio-ghibli#primaryimage\",\"url\":\"https:\\\/\\\/ayako-art.ch\\\/wp-content\\\/uploads\\\/2026\\\/04\\\/b1e45ce8-170e-4aaf-bcab-86edc600f76c-scaled.jpeg\",\"contentUrl\":\"https:\\\/\\\/ayako-art.ch\\\/wp-content\\\/uploads\\\/2026\\\/04\\\/b1e45ce8-170e-4aaf-bcab-86edc600f76c-scaled.jpeg\",\"width\":2560,\"height\":2560},{\"@type\":\"BreadcrumbList\",\"@id\":\"https:\\\/\\\/ayako-art.ch\\\/?product=atelier-peinture-sur-verre-special-studio-ghibli#breadcrumb\",\"itemListElement\":[{\"@type\":\"ListItem\",\"position\":1,\"name\":\"Accueil\",\"item\":\"https:\\\/\\\/ayako-art.ch\\\/\"},{\"@type\":\"ListItem\",\"position\":2,\"name\":\"Boutique\",\"item\":\"https:\\\/\\\/ayako-art.ch\\\/?page_id=1479\"},{\"@type\":\"ListItem\",\"position\":3,\"name\":\"Atelier peinture sur verre &#8211; Sp\u00e9cial Studio Ghibli\"}]},{\"@type\":\"WebSite\",\"@id\":\"https:\\\/\\\/ayako-art.ch\\\/#website\",\"url\":\"https:\\\/\\\/ayako-art.ch\\\/\",\"name\":\"Ayako Art\",\"description\":\"\",\"publisher\":{\"@id\":\"https:\\\/\\\/ayako-art.ch\\\/#organization\"},\"potentialAction\":[{\"@type\":\"SearchAction\",\"target\":{\"@type\":\"EntryPoint\",\"urlTemplate\":\"https:\\\/\\\/ayako-art.ch\\\/?s={search_term_string}\"},\"query-input\":{\"@type\":\"PropertyValueSpecification\",\"valueRequired\":true,\"valueName\":\"search_term_string\"}}],\"inLanguage\":\"fr-FR\"},{\"@type\":\"Organization\",\"@id\":\"https:\\\/\\\/ayako-art.ch\\\/#organization\",\"name\":\"Ayako Art\",\"url\":\"https:\\\/\\\/ayako-art.ch\\\/\",\"logo\":{\"@type\":\"ImageObject\",\"inLanguage\":\"fr-FR\",\"@id\":\"https:\\\/\\\/ayako-art.ch\\\/#\\\/schema\\\/logo\\\/image\\\/\",\"url\":\"https:\\\/\\\/ayako-art.ch\\\/wp-content\\\/uploads\\\/2025\\\/11\\\/logo-ayako-art-1.png\",\"contentUrl\":\"https:\\\/\\\/ayako-art.ch\\\/wp-content\\\/uploads\\\/2025\\\/11\\\/logo-ayako-art-1.png\",\"width\":1024,\"height\":723,\"caption\":\"Ayako Art\"},\"image\":{\"@id\":\"https:\\\/\\\/ayako-art.ch\\\/#\\\/schema\\\/logo\\\/image\\\/\"}}]}<\/script>\n<!-- \/ Yoast SEO plugin. -->","yoast_head_json":{"title":"Atelier peinture sur verre - Sp\u00e9cial Studio Ghibli - Ayako Art","robots":{"index":"index","follow":"follow","max-snippet":"max-snippet:-1","max-image-preview":"max-image-preview:large","max-video-preview":"max-video-preview:-1"},"canonical":"https:\/\/ayako-art.ch\/?product=atelier-peinture-sur-verre-special-studio-ghibli","og_locale":"fr_FR","og_type":"article","og_title":"Atelier peinture sur verre - Sp\u00e9cial Studio Ghibli - Ayako Art","og_description":"Offre-toi un moment hors du temps, entre cr\u00e9ativit\u00e9 et douceur \u2728 Je t\u2019invite \u00e0 vivre une exp\u00e9rience unique o\u00f9 tu pourras cr\u00e9er ta propre peinture sur verre inspir\u00e9e de l\u2019univers Studio Ghibli, m\u00eame si tu es d\u00e9butant. Je serai l\u00e0 pour t\u2019accompagner pas \u00e0 pas, dans une ambiance chaleureuse et bienveillante, pour que tu puisses profiter pleinement de ce moment.  Une exp\u00e9rience cr\u00e9ative et gourmande \ud83c\udf3f Pour cet atelier, je suis ravie de collaborer avec Maeva, p\u00e2tissi\u00e8re passionn\u00e9e, qui t\u2019accompagnera avec de d\u00e9licieuses cr\u00e9ation faites maison \ud83e\uddc1\u2728   Ce que comprend l\u2019atelier \ud83c\udfa8 \u2022 Tout le mat\u00e9riel (verre, peintures, pinceaux) \u2022 Brunch ou go\u00fbter en fonction de l'horraire choisi \u2022 Un sac surprise avec goodies \ud83c\udf81  Tu pourras choisir parmi 4 personnages : Chihiro, Haku, Totoro et Jiji (Kiki la petite sorci\u00e8re)  Si tu souhaites un autre personnage, \u00e9cris-moi en priv\u00e9 apr\u00e8s ta r\u00e9servation afin que je puisse pr\u00e9parer ton kit. \u2728","og_url":"https:\/\/ayako-art.ch\/?product=atelier-peinture-sur-verre-special-studio-ghibli","og_site_name":"Ayako Art","article_modified_time":"2026-04-13T21:03:24+00:00","og_image":[{"width":2048,"height":2048,"url":"https:\/\/ayako-art.ch\/wp-content\/uploads\/2026\/04\/Orange-and-Green-Playful-Creative-Workshop-Instagram-Post-2048-x-2048-px.png","type":"image\/png"}],"twitter_card":"summary_large_image","schema":{"@context":"https:\/\/schema.org","@graph":[{"@type":"WebPage","@id":"https:\/\/ayako-art.ch\/?product=atelier-peinture-sur-verre-special-studio-ghibli","url":"https:\/\/ayako-art.ch\/?product=atelier-peinture-sur-verre-special-studio-ghibli","name":"Atelier peinture sur verre - Sp\u00e9cial Studio Ghibli - Ayako Art","isPartOf":{"@id":"https:\/\/ayako-art.ch\/#website"},"primaryImageOfPage":{"@id":"https:\/\/ayako-art.ch\/?product=atelier-peinture-sur-verre-special-studio-ghibli#primaryimage"},"image":{"@id":"https:\/\/ayako-art.ch\/?product=atelier-peinture-sur-verre-special-studio-ghibli#primaryimage"},"thumbnailUrl":"https:\/\/ayako-art.ch\/wp-content\/uploads\/2026\/04\/b1e45ce8-170e-4aaf-bcab-86edc600f76c-scaled.jpeg","datePublished":"2026-04-13T16:21:29+00:00","dateModified":"2026-04-13T21:03:24+00:00","breadcrumb":{"@id":"https:\/\/ayako-art.ch\/?product=atelier-peinture-sur-verre-special-studio-ghibli#breadcrumb"},"inLanguage":"fr-FR","potentialAction":[{"@type":"ReadAction","target":["https:\/\/ayako-art.ch\/?product=atelier-peinture-sur-verre-special-studio-ghibli"]}]},{"@type":"ImageObject","inLanguage":"fr-FR","@id":"https:\/\/ayako-art.ch\/?product=atelier-peinture-sur-verre-special-studio-ghibli#primaryimage","url":"https:\/\/ayako-art.ch\/wp-content\/uploads\/2026\/04\/b1e45ce8-170e-4aaf-bcab-86edc600f76c-scaled.jpeg","contentUrl":"https:\/\/ayako-art.ch\/wp-content\/uploads\/2026\/04\/b1e45ce8-170e-4aaf-bcab-86edc600f76c-scaled.jpeg","width":2560,"height":2560},{"@type":"BreadcrumbList","@id":"https:\/\/ayako-art.ch\/?product=atelier-peinture-sur-verre-special-studio-ghibli#breadcrumb","itemListElement":[{"@type":"ListItem","position":1,"name":"Accueil","item":"https:\/\/ayako-art.ch\/"},{"@type":"ListItem","position":2,"name":"Boutique","item":"https:\/\/ayako-art.ch\/?page_id=1479"},{"@type":"ListItem","position":3,"name":"Atelier peinture sur verre &#8211; Sp\u00e9cial Studio Ghibli"}]},{"@type":"WebSite","@id":"https:\/\/ayako-art.ch\/#website","url":"https:\/\/ayako-art.ch\/","name":"Ayako Art","description":"","publisher":{"@id":"https:\/\/ayako-art.ch\/#organization"},"potentialAction":[{"@type":"SearchAction","target":{"@type":"EntryPoint","urlTemplate":"https:\/\/ayako-art.ch\/?s={search_term_string}"},"query-input":{"@type":"PropertyValueSpecification","valueRequired":true,"valueName":"search_term_string"}}],"inLanguage":"fr-FR"},{"@type":"Organization","@id":"https:\/\/ayako-art.ch\/#organization","name":"Ayako Art","url":"https:\/\/ayako-art.ch\/","logo":{"@type":"ImageObject","inLanguage":"fr-FR","@id":"https:\/\/ayako-art.ch\/#\/schema\/logo\/image\/","url":"https:\/\/ayako-art.ch\/wp-content\/uploads\/2025\/11\/logo-ayako-art-1.png","contentUrl":"https:\/\/ayako-art.ch\/wp-content\/uploads\/2025\/11\/logo-ayako-art-1.png","width":1024,"height":723,"caption":"Ayako Art"},"image":{"@id":"https:\/\/ayako-art.ch\/#\/schema\/logo\/image\/"}}]}},"jetpack_sharing_enabled":true,"_links":{"self":[{"href":"https:\/\/ayako-art.ch\/index.php?rest_route=\/wp\/v2\/product\/2548","targetHints":{"allow":["GET"]}}],"collection":[{"href":"https:\/\/ayako-art.ch\/index.php?rest_route=\/wp\/v2\/product"}],"about":[{"href":"https:\/\/ayako-art.ch\/index.php?rest_route=\/wp\/v2\/types\/product"}],"replies":[{"embeddable":true,"href":"https:\/\/ayako-art.ch\/index.php?rest_route=%2Fwp%2Fv2%2Fcomments&post=2548"}],"version-history":[{"count":9,"href":"https:\/\/ayako-art.ch\/index.php?rest_route=\/wp\/v2\/product\/2548\/revisions"}],"predecessor-version":[{"id":2559,"href":"https:\/\/ayako-art.ch\/index.php?rest_route=\/wp\/v2\/product\/2548\/revisions\/2559"}],"wp:featuredmedia":[{"embeddable":true,"href":"https:\/\/ayako-art.ch\/index.php?rest_route=\/wp\/v2\/media\/2576"}],"wp:attachment":[{"href":"https:\/\/ayako-art.ch\/index.php?rest_route=%2Fwp%2Fv2%2Fmedia&parent=2548"}],"wp:term":[{"taxonomy":"product_brand","embeddable":true,"href":"https:\/\/ayako-art.ch\/index.php?rest_route=%2Fwp%2Fv2%2Fproduct_brand&post=2548"},{"taxonomy":"product_cat","embeddable":true,"href":"https:\/\/ayako-art.ch\/index.php?rest_route=%2Fwp%2Fv2%2Fproduct_cat&post=2548"},{"taxonomy":"product_tag","embeddable":true,"href":"https:\/\/ayako-art.ch\/index.php?rest_route=%2Fwp%2Fv2%2Fproduct_tag&post=2548"}],"curies":[{"name":"wp","href":"https:\/\/api.w.org\/{rel}","templated":true}]}}