{"id":2273,"date":"2025-12-10T17:49:58","date_gmt":"2025-12-10T16:49:58","guid":{"rendered":"https:\/\/ayako-art.ch\/?post_type=product&#038;p=2273"},"modified":"2025-12-10T17:50:42","modified_gmt":"2025-12-10T16:50:42","slug":"sacha-pikachu-peinture-sur-verre","status":"publish","type":"product","link":"https:\/\/ayako-art.ch\/?product=sacha-pikachu-peinture-sur-verre","title":{"rendered":"Sacha &#038; Pikachu &#8211; peinture sur verre"},"content":{"rendered":"","protected":false},"excerpt":{"rendered":"<p>Peinture sur verre r\u00e9alis\u00e9e \u00e0 la main, mettant en sc\u00e8ne Sacha et Pikachu dans un style lumineux et d\u00e9taill\u00e9. Une pi\u00e8ce unique qui apporte une touche color\u00e9e et nostalgique \u00e0 votre d\u00e9co. Parfaite pour les fans qui aiment l\u2019authenticit\u00e9 et l\u2019art artisanal.<\/p>\n<p>Taille : A3<\/p>\n","protected":false},"featured_media":2274,"comment_status":"open","ping_status":"closed","template":"","meta":[],"product_brand":[],"product_cat":[24],"product_tag":[],"class_list":{"0":"post-2273","1":"product","2":"type-product","3":"status-publish","4":"has-post-thumbnail","6":"product_cat-peintures-sur-verre","7":"product_shipping_class-verre","9":"first","10":"instock","11":"sold-individually","12":"shipping-taxable","13":"purchasable","14":"product-type-simple"},"jetpack_sharing_enabled":true,"_links":{"self":[{"href":"https:\/\/ayako-art.ch\/index.php?rest_route=\/wp\/v2\/product\/2273","targetHints":{"allow":["GET"]}}],"collection":[{"href":"https:\/\/ayako-art.ch\/index.php?rest_route=\/wp\/v2\/product"}],"about":[{"href":"https:\/\/ayako-art.ch\/index.php?rest_route=\/wp\/v2\/types\/product"}],"replies":[{"embeddable":true,"href":"https:\/\/ayako-art.ch\/index.php?rest_route=%2Fwp%2Fv2%2Fcomments&post=2273"}],"version-history":[{"count":2,"href":"https:\/\/ayako-art.ch\/index.php?rest_route=\/wp\/v2\/product\/2273\/revisions"}],"predecessor-version":[{"id":2276,"href":"https:\/\/ayako-art.ch\/index.php?rest_route=\/wp\/v2\/product\/2273\/revisions\/2276"}],"wp:featuredmedia":[{"embeddable":true,"href":"https:\/\/ayako-art.ch\/index.php?rest_route=\/wp\/v2\/media\/2274"}],"wp:attachment":[{"href":"https:\/\/ayako-art.ch\/index.php?rest_route=%2Fwp%2Fv2%2Fmedia&parent=2273"}],"wp:term":[{"taxonomy":"product_brand","embeddable":true,"href":"https:\/\/ayako-art.ch\/index.php?rest_route=%2Fwp%2Fv2%2Fproduct_brand&post=2273"},{"taxonomy":"product_cat","embeddable":true,"href":"https:\/\/ayako-art.ch\/index.php?rest_route=%2Fwp%2Fv2%2Fproduct_cat&post=2273"},{"taxonomy":"product_tag","embeddable":true,"href":"https:\/\/ayako-art.ch\/index.php?rest_route=%2Fwp%2Fv2%2Fproduct_tag&post=2273"}],"curies":[{"name":"wp","href":"https:\/\/api.w.org\/{rel}","templated":true}]}}