{"id":2263,"date":"2025-12-10T17:13:39","date_gmt":"2025-12-10T16:13:39","guid":{"rendered":"https:\/\/ayako-art.ch\/?post_type=product&#038;p=2263"},"modified":"2025-12-10T17:13:39","modified_gmt":"2025-12-10T16:13:39","slug":"demon-slayer-decapsuleur","status":"publish","type":"product","link":"https:\/\/ayako-art.ch\/?product=demon-slayer-decapsuleur","title":{"rendered":"Demon Slayer &#8211; d\u00e9capsuleur"},"content":{"rendered":"","protected":false},"excerpt":{"rendered":"<p>D\u00e9capsuleur en r\u00e9sine \u00e9poxy fait \u00e0 la main, pens\u00e9 pour \u00eatre \u00e0 la fois pratique et joli. Sa finition brillante et son design unique apportent une petite touche fun \u00e0 vos moments entre amis. Un accessoire solide et plein de charme, parfait pour toutes vos boissons.<\/p>\n","protected":false},"featured_media":1961,"comment_status":"open","ping_status":"closed","template":"","meta":[],"product_brand":[],"product_cat":[30,40],"product_tag":[],"class_list":{"0":"post-2263","1":"product","2":"type-product","3":"status-publish","4":"has-post-thumbnail","6":"product_cat-creations-en-resine","7":"product_cat-decapsuleur-en-resine","8":"product_shipping_class-resine","10":"first","11":"instock","12":"sold-individually","13":"shipping-taxable","14":"purchasable","15":"product-type-simple"},"jetpack_sharing_enabled":true,"_links":{"self":[{"href":"https:\/\/ayako-art.ch\/index.php?rest_route=\/wp\/v2\/product\/2263","targetHints":{"allow":["GET"]}}],"collection":[{"href":"https:\/\/ayako-art.ch\/index.php?rest_route=\/wp\/v2\/product"}],"about":[{"href":"https:\/\/ayako-art.ch\/index.php?rest_route=\/wp\/v2\/types\/product"}],"replies":[{"embeddable":true,"href":"https:\/\/ayako-art.ch\/index.php?rest_route=%2Fwp%2Fv2%2Fcomments&post=2263"}],"version-history":[{"count":1,"href":"https:\/\/ayako-art.ch\/index.php?rest_route=\/wp\/v2\/product\/2263\/revisions"}],"predecessor-version":[{"id":2264,"href":"https:\/\/ayako-art.ch\/index.php?rest_route=\/wp\/v2\/product\/2263\/revisions\/2264"}],"wp:featuredmedia":[{"embeddable":true,"href":"https:\/\/ayako-art.ch\/index.php?rest_route=\/wp\/v2\/media\/1961"}],"wp:attachment":[{"href":"https:\/\/ayako-art.ch\/index.php?rest_route=%2Fwp%2Fv2%2Fmedia&parent=2263"}],"wp:term":[{"taxonomy":"product_brand","embeddable":true,"href":"https:\/\/ayako-art.ch\/index.php?rest_route=%2Fwp%2Fv2%2Fproduct_brand&post=2263"},{"taxonomy":"product_cat","embeddable":true,"href":"https:\/\/ayako-art.ch\/index.php?rest_route=%2Fwp%2Fv2%2Fproduct_cat&post=2263"},{"taxonomy":"product_tag","embeddable":true,"href":"https:\/\/ayako-art.ch\/index.php?rest_route=%2Fwp%2Fv2%2Fproduct_tag&post=2263"}],"curies":[{"name":"wp","href":"https:\/\/api.w.org\/{rel}","templated":true}]}}