{"id":2211,"date":"2025-12-09T23:24:07","date_gmt":"2025-12-09T22:24:07","guid":{"rendered":"https:\/\/ayako-art.ch\/?post_type=product&#038;p=2211"},"modified":"2025-12-09T23:24:07","modified_gmt":"2025-12-09T22:24:07","slug":"japan-koi-porte-cle","status":"publish","type":"product","link":"https:\/\/ayako-art.ch\/?product=japan-koi-porte-cle","title":{"rendered":"Japan Koi &#8211; porte-cl\u00e9"},"content":{"rendered":"<p>Porte-cl\u00e9 artisanal en r\u00e9sine inspir\u00e9 du Japon. Un petit accessoire unique pour accompagner vos cl\u00e9s, sacs ou trousses.<\/p>\n","protected":false},"excerpt":{"rendered":"<p>Porte-cl\u00e9 en r\u00e9sine fait main, inspir\u00e9 de vos personnages pr\u00e9f\u00e9r\u00e9s.<\/p>\n<p>Chaque pi\u00e8ce est coul\u00e9e, color\u00e9e et assembl\u00e9e \u00e0 la main avec soin, ce qui la rend unique et pleine de charme.<\/p>\n<p>D\u00e9tails<\/p>\n<ul>\n<li>Porte-cl\u00e9 en r\u00e9sine fait main<\/li>\n<li>Motif inspir\u00e9 du Japon<\/li>\n<li>R\u00e9sistant, l\u00e9ger et facile \u00e0 accrocher<\/li>\n<\/ul>\n","protected":false},"featured_media":1953,"comment_status":"open","ping_status":"closed","template":"","meta":[],"product_brand":[],"product_cat":[30,35],"product_tag":[],"class_list":{"0":"post-2211","1":"product","2":"type-product","3":"status-publish","4":"has-post-thumbnail","6":"product_cat-creations-en-resine","7":"product_cat-porte-cles-resine","8":"product_shipping_class-papeterie","10":"first","11":"instock","12":"sold-individually","13":"shipping-taxable","14":"purchasable","15":"product-type-simple"},"jetpack_sharing_enabled":true,"_links":{"self":[{"href":"https:\/\/ayako-art.ch\/index.php?rest_route=\/wp\/v2\/product\/2211","targetHints":{"allow":["GET"]}}],"collection":[{"href":"https:\/\/ayako-art.ch\/index.php?rest_route=\/wp\/v2\/product"}],"about":[{"href":"https:\/\/ayako-art.ch\/index.php?rest_route=\/wp\/v2\/types\/product"}],"replies":[{"embeddable":true,"href":"https:\/\/ayako-art.ch\/index.php?rest_route=%2Fwp%2Fv2%2Fcomments&post=2211"}],"version-history":[{"count":1,"href":"https:\/\/ayako-art.ch\/index.php?rest_route=\/wp\/v2\/product\/2211\/revisions"}],"predecessor-version":[{"id":2212,"href":"https:\/\/ayako-art.ch\/index.php?rest_route=\/wp\/v2\/product\/2211\/revisions\/2212"}],"wp:featuredmedia":[{"embeddable":true,"href":"https:\/\/ayako-art.ch\/index.php?rest_route=\/wp\/v2\/media\/1953"}],"wp:attachment":[{"href":"https:\/\/ayako-art.ch\/index.php?rest_route=%2Fwp%2Fv2%2Fmedia&parent=2211"}],"wp:term":[{"taxonomy":"product_brand","embeddable":true,"href":"https:\/\/ayako-art.ch\/index.php?rest_route=%2Fwp%2Fv2%2Fproduct_brand&post=2211"},{"taxonomy":"product_cat","embeddable":true,"href":"https:\/\/ayako-art.ch\/index.php?rest_route=%2Fwp%2Fv2%2Fproduct_cat&post=2211"},{"taxonomy":"product_tag","embeddable":true,"href":"https:\/\/ayako-art.ch\/index.php?rest_route=%2Fwp%2Fv2%2Fproduct_tag&post=2211"}],"curies":[{"name":"wp","href":"https:\/\/api.w.org\/{rel}","templated":true}]}}