{"id":2092,"date":"2025-12-07T19:23:27","date_gmt":"2025-12-07T18:23:27","guid":{"rendered":"https:\/\/ayako-art.ch\/?post_type=product&#038;p=2092"},"modified":"2025-12-10T17:21:40","modified_gmt":"2025-12-10T16:21:40","slug":"ace-luffy-sabo-2","status":"publish","type":"product","link":"https:\/\/ayako-art.ch\/?product=ace-luffy-sabo-2","title":{"rendered":"Ace, Luffy &#038; Sabo #2 &#8211; marque-page"},"content":{"rendered":"<p>Marque-page iris\u00e9 inspir\u00e9 de l\u2019anim\u00e9 One Piece, r\u00e9alis\u00e9 enti\u00e8rement \u00e0 la main. Un accessoire unique pour accompagner vos lectures.<\/p>\n","protected":false},"excerpt":{"rendered":"<p data-start=\"826\" data-end=\"842\">L\u00e9ger, r\u00e9sistant et agr\u00e9able \u00e0 utiliser, il est parfait pour les fans d\u2019anim\u00e9s, les amoureux de lecture, ou simplement pour offrir un petit cadeau original.<\/p>\n<p data-start=\"826\" data-end=\"842\"><strong>D\u00e9tails :<\/strong><\/p>\n<ul>\n<li data-start=\"845\" data-end=\"878\">Marque-page personnalis\u00e9 \u00e0 la main<\/li>\n<li data-start=\"881\" data-end=\"913\">Effets iris\u00e9s selon la lumi\u00e8re<\/li>\n<li data-start=\"916\" data-end=\"958\">Pompon assorti pour une finition \u00e9l\u00e9gante<\/li>\n<\/ul>\n","protected":false},"featured_media":1981,"comment_status":"open","ping_status":"closed","template":"","meta":[],"product_brand":[],"product_cat":[27],"product_tag":[],"class_list":{"0":"post-2092","1":"product","2":"type-product","3":"status-publish","4":"has-post-thumbnail","6":"product_cat-marque-page","7":"product_shipping_class-papeterie","9":"first","10":"instock","11":"sold-individually","12":"shipping-taxable","13":"purchasable","14":"product-type-simple"},"jetpack_sharing_enabled":true,"_links":{"self":[{"href":"https:\/\/ayako-art.ch\/index.php?rest_route=\/wp\/v2\/product\/2092","targetHints":{"allow":["GET"]}}],"collection":[{"href":"https:\/\/ayako-art.ch\/index.php?rest_route=\/wp\/v2\/product"}],"about":[{"href":"https:\/\/ayako-art.ch\/index.php?rest_route=\/wp\/v2\/types\/product"}],"replies":[{"embeddable":true,"href":"https:\/\/ayako-art.ch\/index.php?rest_route=%2Fwp%2Fv2%2Fcomments&post=2092"}],"version-history":[{"count":2,"href":"https:\/\/ayako-art.ch\/index.php?rest_route=\/wp\/v2\/product\/2092\/revisions"}],"predecessor-version":[{"id":2094,"href":"https:\/\/ayako-art.ch\/index.php?rest_route=\/wp\/v2\/product\/2092\/revisions\/2094"}],"wp:featuredmedia":[{"embeddable":true,"href":"https:\/\/ayako-art.ch\/index.php?rest_route=\/wp\/v2\/media\/1981"}],"wp:attachment":[{"href":"https:\/\/ayako-art.ch\/index.php?rest_route=%2Fwp%2Fv2%2Fmedia&parent=2092"}],"wp:term":[{"taxonomy":"product_brand","embeddable":true,"href":"https:\/\/ayako-art.ch\/index.php?rest_route=%2Fwp%2Fv2%2Fproduct_brand&post=2092"},{"taxonomy":"product_cat","embeddable":true,"href":"https:\/\/ayako-art.ch\/index.php?rest_route=%2Fwp%2Fv2%2Fproduct_cat&post=2092"},{"taxonomy":"product_tag","embeddable":true,"href":"https:\/\/ayako-art.ch\/index.php?rest_route=%2Fwp%2Fv2%2Fproduct_tag&post=2092"}],"curies":[{"name":"wp","href":"https:\/\/api.w.org\/{rel}","templated":true}]}}