{"id":1802,"date":"2025-11-30T17:51:45","date_gmt":"2025-11-30T16:51:45","guid":{"rendered":"https:\/\/ayako-art.ch\/?post_type=product&#038;p=1802"},"modified":"2025-12-10T16:59:18","modified_gmt":"2025-12-10T15:59:18","slug":"fairy-tail-support-bijoux","status":"publish","type":"product","link":"https:\/\/ayako-art.ch\/?product=fairy-tail-support-bijoux","title":{"rendered":"Fairy Tail &#8211; Support bijoux"},"content":{"rendered":"","protected":false},"excerpt":{"rendered":"<p>Un support \u00e0 bijoux \u00e9l\u00e9gant et fait \u00e0 la main en r\u00e9sine \u00e9poxy, id\u00e9al pour mettre en valeur vos bagues, colliers et petits tr\u00e9sors du quotidien. Une pi\u00e8ce d\u00e9licate et pratique qui apporte une touche de charme \u00e0 votre espace.<\/p>\n","protected":false},"featured_media":1656,"comment_status":"open","ping_status":"closed","template":"","meta":[],"product_brand":[],"product_cat":[30,38],"product_tag":[],"class_list":{"0":"post-1802","1":"product","2":"type-product","3":"status-publish","4":"has-post-thumbnail","6":"product_cat-creations-en-resine","7":"product_cat-support-bijoux-en-resine","8":"product_shipping_class-resine","10":"first","11":"instock","12":"sold-individually","13":"shipping-taxable","14":"purchasable","15":"product-type-simple"},"jetpack_sharing_enabled":true,"_links":{"self":[{"href":"https:\/\/ayako-art.ch\/index.php?rest_route=\/wp\/v2\/product\/1802","targetHints":{"allow":["GET"]}}],"collection":[{"href":"https:\/\/ayako-art.ch\/index.php?rest_route=\/wp\/v2\/product"}],"about":[{"href":"https:\/\/ayako-art.ch\/index.php?rest_route=\/wp\/v2\/types\/product"}],"replies":[{"embeddable":true,"href":"https:\/\/ayako-art.ch\/index.php?rest_route=%2Fwp%2Fv2%2Fcomments&post=1802"}],"version-history":[{"count":2,"href":"https:\/\/ayako-art.ch\/index.php?rest_route=\/wp\/v2\/product\/1802\/revisions"}],"predecessor-version":[{"id":2253,"href":"https:\/\/ayako-art.ch\/index.php?rest_route=\/wp\/v2\/product\/1802\/revisions\/2253"}],"wp:featuredmedia":[{"embeddable":true,"href":"https:\/\/ayako-art.ch\/index.php?rest_route=\/wp\/v2\/media\/1656"}],"wp:attachment":[{"href":"https:\/\/ayako-art.ch\/index.php?rest_route=%2Fwp%2Fv2%2Fmedia&parent=1802"}],"wp:term":[{"taxonomy":"product_brand","embeddable":true,"href":"https:\/\/ayako-art.ch\/index.php?rest_route=%2Fwp%2Fv2%2Fproduct_brand&post=1802"},{"taxonomy":"product_cat","embeddable":true,"href":"https:\/\/ayako-art.ch\/index.php?rest_route=%2Fwp%2Fv2%2Fproduct_cat&post=1802"},{"taxonomy":"product_tag","embeddable":true,"href":"https:\/\/ayako-art.ch\/index.php?rest_route=%2Fwp%2Fv2%2Fproduct_tag&post=1802"}],"curies":[{"name":"wp","href":"https:\/\/api.w.org\/{rel}","templated":true}]}}