{"id":1798,"date":"2025-11-30T17:50:06","date_gmt":"2025-11-30T16:50:06","guid":{"rendered":"https:\/\/ayako-art.ch\/?post_type=product&#038;p=1798"},"modified":"2025-12-16T07:50:18","modified_gmt":"2025-12-16T06:50:18","slug":"kurama-support-telephone-tablette","status":"publish","type":"product","link":"https:\/\/ayako-art.ch\/?product=kurama-support-telephone-tablette","title":{"rendered":"Kurama &#8211; Support t\u00e9l\u00e9phone\/tablette"},"content":{"rendered":"","protected":false},"excerpt":{"rendered":"<p>Support de t\u00e9l\u00e9phone\/tablette en r\u00e9sine \u00e9poxy, enti\u00e8rement fait \u00e0 la main et con\u00e7u pour allier \u00e9l\u00e9gance et praticit\u00e9. Sa finition brillante et son design unique apportent une touche raffin\u00e9e \u00e0 votre bureau ou table de nuit. Parfait pour maintenir votre appareil en place avec style.<\/p>\n","protected":false},"featured_media":1644,"comment_status":"open","ping_status":"closed","template":"","meta":[],"product_brand":[],"product_cat":[30,36],"product_tag":[],"class_list":{"0":"post-1798","1":"product","2":"type-product","3":"status-publish","4":"has-post-thumbnail","6":"product_cat-creations-en-resine","7":"product_cat-support-telephone-en-resine","8":"product_shipping_class-resine","10":"first","11":"outofstock","12":"sold-individually","13":"shipping-taxable","14":"purchasable","15":"product-type-simple"},"jetpack_sharing_enabled":true,"_links":{"self":[{"href":"https:\/\/ayako-art.ch\/index.php?rest_route=\/wp\/v2\/product\/1798","targetHints":{"allow":["GET"]}}],"collection":[{"href":"https:\/\/ayako-art.ch\/index.php?rest_route=\/wp\/v2\/product"}],"about":[{"href":"https:\/\/ayako-art.ch\/index.php?rest_route=\/wp\/v2\/types\/product"}],"replies":[{"embeddable":true,"href":"https:\/\/ayako-art.ch\/index.php?rest_route=%2Fwp%2Fv2%2Fcomments&post=1798"}],"version-history":[{"count":2,"href":"https:\/\/ayako-art.ch\/index.php?rest_route=\/wp\/v2\/product\/1798\/revisions"}],"predecessor-version":[{"id":2255,"href":"https:\/\/ayako-art.ch\/index.php?rest_route=\/wp\/v2\/product\/1798\/revisions\/2255"}],"wp:featuredmedia":[{"embeddable":true,"href":"https:\/\/ayako-art.ch\/index.php?rest_route=\/wp\/v2\/media\/1644"}],"wp:attachment":[{"href":"https:\/\/ayako-art.ch\/index.php?rest_route=%2Fwp%2Fv2%2Fmedia&parent=1798"}],"wp:term":[{"taxonomy":"product_brand","embeddable":true,"href":"https:\/\/ayako-art.ch\/index.php?rest_route=%2Fwp%2Fv2%2Fproduct_brand&post=1798"},{"taxonomy":"product_cat","embeddable":true,"href":"https:\/\/ayako-art.ch\/index.php?rest_route=%2Fwp%2Fv2%2Fproduct_cat&post=1798"},{"taxonomy":"product_tag","embeddable":true,"href":"https:\/\/ayako-art.ch\/index.php?rest_route=%2Fwp%2Fv2%2Fproduct_tag&post=1798"}],"curies":[{"name":"wp","href":"https:\/\/api.w.org\/{rel}","templated":true}]}}