{"id":1786,"date":"2025-11-30T17:40:15","date_gmt":"2025-11-30T16:40:15","guid":{"rendered":"https:\/\/ayako-art.ch\/?post_type=product&#038;p=1786"},"modified":"2026-04-06T19:13:25","modified_gmt":"2026-04-06T17:13:25","slug":"tortue-compagnon-a-adopter","status":"publish","type":"product","link":"https:\/\/ayako-art.ch\/?product=tortue-compagnon-a-adopter","title":{"rendered":"Tortue &#8211; compagnon \u00e0 adopter"},"content":{"rendered":"<p>Chaque tortue est coul\u00e9e, ponc\u00e9e et finie avec soin, ce qui en fait une pi\u00e8ce artisanale <strong data-start=\"583\" data-end=\"593\">unique<\/strong>, parfaite comme talisman porte-bonheur ou petit cadeau attentionn\u00e9.<\/p>\n","protected":false},"excerpt":{"rendered":"<p>Petite tortue en r\u00e9sine<\/p>\n<p>Une petite tortue faite \u00e0 la main pour t\u2019accompagner au quotidien.<br data-start=\"183\" data-end=\"186\" \/>\u00c0 poser sur ton bureau, pr\u00e8s de ton ordinateur ou dans ton espace d\u00e9co, elle apporte une petite dose de douceur et de bonne humeur.<br data-start=\"317\" data-end=\"320\" \/>Chaque tortue est unique et cr\u00e9\u00e9e avec soin \u2014 un petit compagnon porte-bonheur qui trouve facilement sa place partout \u2728<\/p>\n","protected":false},"featured_media":1633,"comment_status":"open","ping_status":"closed","template":"","meta":[],"product_brand":[],"product_cat":[30,39],"product_tag":[],"class_list":{"0":"post-1786","1":"product","2":"type-product","3":"status-publish","4":"has-post-thumbnail","6":"product_cat-creations-en-resine","7":"product_cat-tortue-compagnon-en-resine","8":"product_shipping_class-papeterie","10":"first","11":"instock","12":"shipping-taxable","13":"purchasable","14":"product-type-simple"},"jetpack_sharing_enabled":true,"_links":{"self":[{"href":"https:\/\/ayako-art.ch\/index.php?rest_route=\/wp\/v2\/product\/1786","targetHints":{"allow":["GET"]}}],"collection":[{"href":"https:\/\/ayako-art.ch\/index.php?rest_route=\/wp\/v2\/product"}],"about":[{"href":"https:\/\/ayako-art.ch\/index.php?rest_route=\/wp\/v2\/types\/product"}],"replies":[{"embeddable":true,"href":"https:\/\/ayako-art.ch\/index.php?rest_route=%2Fwp%2Fv2%2Fcomments&post=1786"}],"version-history":[{"count":1,"href":"https:\/\/ayako-art.ch\/index.php?rest_route=\/wp\/v2\/product\/1786\/revisions"}],"predecessor-version":[{"id":1787,"href":"https:\/\/ayako-art.ch\/index.php?rest_route=\/wp\/v2\/product\/1786\/revisions\/1787"}],"wp:featuredmedia":[{"embeddable":true,"href":"https:\/\/ayako-art.ch\/index.php?rest_route=\/wp\/v2\/media\/1633"}],"wp:attachment":[{"href":"https:\/\/ayako-art.ch\/index.php?rest_route=%2Fwp%2Fv2%2Fmedia&parent=1786"}],"wp:term":[{"taxonomy":"product_brand","embeddable":true,"href":"https:\/\/ayako-art.ch\/index.php?rest_route=%2Fwp%2Fv2%2Fproduct_brand&post=1786"},{"taxonomy":"product_cat","embeddable":true,"href":"https:\/\/ayako-art.ch\/index.php?rest_route=%2Fwp%2Fv2%2Fproduct_cat&post=1786"},{"taxonomy":"product_tag","embeddable":true,"href":"https:\/\/ayako-art.ch\/index.php?rest_route=%2Fwp%2Fv2%2Fproduct_tag&post=1786"}],"curies":[{"name":"wp","href":"https:\/\/api.w.org\/{rel}","templated":true}]}}