{"id":1683,"date":"2025-11-29T15:26:45","date_gmt":"2025-11-29T14:26:45","guid":{"rendered":"https:\/\/ayako-art.ch\/?post_type=product&#038;p=1683"},"modified":"2025-12-10T16:53:33","modified_gmt":"2025-12-10T15:53:33","slug":"noiraudes","status":"publish","type":"product","link":"https:\/\/ayako-art.ch\/?product=noiraudes","title":{"rendered":"Noiraudes &#8211; dessous de verre"},"content":{"rendered":"<h3 data-start=\"2350\" data-end=\"2367\">Entretien<\/h3>\n<p data-start=\"2369\" data-end=\"2438\">Pour conserver votre dessous de verre aussi beau qu\u2019au premier jour :<\/p>\n<ul data-start=\"2440\" data-end=\"2801\">\n<li data-start=\"2440\" data-end=\"2494\">\n<p data-start=\"2442\" data-end=\"2494\">Nettoyer avec un linge doux l\u00e9g\u00e8rement humide.<\/p>\n<\/li>\n<li data-start=\"2495\" data-end=\"2558\">\n<p data-start=\"2497\" data-end=\"2558\">Ne pas mettre au lave-vaisselle ni immerger dans l\u2019eau.<\/p>\n<\/li>\n<li data-start=\"2559\" data-end=\"2617\">\n<p data-start=\"2561\" data-end=\"2617\">\u00c9viter les produits abrasifs ou les \u00e9ponges \u00e0 gratter.<\/p>\n<\/li>\n<li data-start=\"2618\" data-end=\"2711\">\n<p data-start=\"2620\" data-end=\"2711\">Ne pas exposer \u00e0 une chaleur excessive (pas de tasses br\u00fblantes fra\u00eechement servies).<\/p>\n<\/li>\n<li data-start=\"2712\" data-end=\"2801\">\n<p data-start=\"2714\" data-end=\"2801\">Conserver \u00e0 l\u2019abri du soleil direct.<\/p>\n<\/li>\n<\/ul>\n","protected":false},"excerpt":{"rendered":"<p>D\u00e9couvre un dessous de verre artisanal r\u00e9alis\u00e9 en r\u00e9sine \u00e9poxy, enti\u00e8rement coul\u00e9 et fini \u00e0 la main. Chaque pi\u00e8ce est orn\u00e9e d\u2019un motif UV DTF appliqu\u00e9 en surface, apportant une couleur vive et une excellente r\u00e9sistance dans le temps. Parfaits pour prot\u00e9ger vos surfaces avec style.<\/p>\n","protected":false},"featured_media":1552,"comment_status":"open","ping_status":"closed","template":"","meta":[],"product_brand":[],"product_cat":[30,37],"product_tag":[],"class_list":{"0":"post-1683","1":"product","2":"type-product","3":"status-publish","4":"has-post-thumbnail","6":"product_cat-creations-en-resine","7":"product_cat-dessous-de-verre-en-resine","8":"product_shipping_class-resine","10":"first","11":"instock","12":"shipping-taxable","13":"purchasable","14":"product-type-simple"},"jetpack_sharing_enabled":true,"_links":{"self":[{"href":"https:\/\/ayako-art.ch\/index.php?rest_route=\/wp\/v2\/product\/1683","targetHints":{"allow":["GET"]}}],"collection":[{"href":"https:\/\/ayako-art.ch\/index.php?rest_route=\/wp\/v2\/product"}],"about":[{"href":"https:\/\/ayako-art.ch\/index.php?rest_route=\/wp\/v2\/types\/product"}],"replies":[{"embeddable":true,"href":"https:\/\/ayako-art.ch\/index.php?rest_route=%2Fwp%2Fv2%2Fcomments&post=1683"}],"version-history":[{"count":3,"href":"https:\/\/ayako-art.ch\/index.php?rest_route=\/wp\/v2\/product\/1683\/revisions"}],"predecessor-version":[{"id":2250,"href":"https:\/\/ayako-art.ch\/index.php?rest_route=\/wp\/v2\/product\/1683\/revisions\/2250"}],"wp:featuredmedia":[{"embeddable":true,"href":"https:\/\/ayako-art.ch\/index.php?rest_route=\/wp\/v2\/media\/1552"}],"wp:attachment":[{"href":"https:\/\/ayako-art.ch\/index.php?rest_route=%2Fwp%2Fv2%2Fmedia&parent=1683"}],"wp:term":[{"taxonomy":"product_brand","embeddable":true,"href":"https:\/\/ayako-art.ch\/index.php?rest_route=%2Fwp%2Fv2%2Fproduct_brand&post=1683"},{"taxonomy":"product_cat","embeddable":true,"href":"https:\/\/ayako-art.ch\/index.php?rest_route=%2Fwp%2Fv2%2Fproduct_cat&post=1683"},{"taxonomy":"product_tag","embeddable":true,"href":"https:\/\/ayako-art.ch\/index.php?rest_route=%2Fwp%2Fv2%2Fproduct_tag&post=1683"}],"curies":[{"name":"wp","href":"https:\/\/api.w.org\/{rel}","templated":true}]}}