{"id":1039,"date":"2021-12-21T20:12:56","date_gmt":"2021-12-21T20:12:56","guid":{"rendered":"https:\/\/startersites.io\/elementor\/homi\/?page_id=1039"},"modified":"2025-12-08T16:46:51","modified_gmt":"2025-12-08T15:46:51","slug":"a-propos","status":"publish","type":"page","link":"https:\/\/ayako-art.ch\/?page_id=1039","title":{"rendered":"A propos"},"content":{"rendered":"\t\t<div data-elementor-type=\"wp-page\" data-elementor-id=\"1039\" class=\"elementor elementor-1039\" wpc-filter-elementor-widget=\"1\">\n\t\t\t\t\t\t<section class=\"elementor-section elementor-top-section elementor-element elementor-element-f1fb84e elementor-section-boxed elementor-section-height-default elementor-section-height-default\" data-id=\"f1fb84e\" data-element_type=\"section\" data-e-type=\"section\">\n\t\t\t\t\t\t<div class=\"elementor-container elementor-column-gap-default\">\n\t\t\t\t\t<div class=\"elementor-column elementor-col-100 elementor-top-column elementor-element elementor-element-b95565c\" data-id=\"b95565c\" data-element_type=\"column\" data-e-type=\"column\">\n\t\t\t<div class=\"elementor-widget-wrap elementor-element-populated\">\n\t\t\t\t\t\t<div class=\"elementor-element elementor-element-f5f169e elementor-widget elementor-widget-heading\" data-id=\"f5f169e\" data-element_type=\"widget\" data-e-type=\"widget\" data-widget_type=\"heading.default\">\n\t\t\t\t\t<h2 class=\"elementor-heading-title elementor-size-default\">Ayako Art<\/h2>\t\t\t\t<\/div>\n\t\t\t\t\t<\/div>\n\t\t<\/div>\n\t\t\t\t\t<\/div>\n\t\t<\/section>\n\t\t\t\t<section class=\"elementor-section elementor-top-section elementor-element elementor-element-bba6cb0 elementor-section-boxed elementor-section-height-default elementor-section-height-default\" data-id=\"bba6cb0\" data-element_type=\"section\" data-e-type=\"section\">\n\t\t\t\t\t\t<div class=\"elementor-container elementor-column-gap-extended\">\n\t\t\t\t\t<div class=\"elementor-column elementor-col-50 elementor-top-column elementor-element elementor-element-caebb6a\" data-id=\"caebb6a\" data-element_type=\"column\" data-e-type=\"column\">\n\t\t\t<div class=\"elementor-widget-wrap elementor-element-populated\">\n\t\t\t\t\t\t<div class=\"elementor-element elementor-element-d0d11e3 elementor-widget elementor-widget-text-editor\" data-id=\"d0d11e3\" data-element_type=\"widget\" data-e-type=\"widget\" data-widget_type=\"text-editor.default\">\n\t\t\t\t\t\t\t\t\t<p>Bienvenue dans mon univers cr\u00e9atif \u2728<\/p><p>Je m\u2019appelle St\u00e9phanie, et je suis la cr\u00e9atrice derri\u00e8re Ayako Art, un atelier artisanal sp\u00e9cialis\u00e9 dans les cr\u00e9ations inspir\u00e9es des anim\u00e9s, de la culture japonaise et des mondes fantastiques.<\/p><h6 style=\"--theme-font-weight: 700; --theme-font-size: 16px; --theme-line-height: 1.5; font-style: normal; font-variant-ligatures: normal; font-variant-caps: normal; font-weight: bold; font-size: 16px; line-height: 1.5; font-family: Merriweather, sans-serif; color: #111518; letter-spacing: normal; text-transform: none; text-decoration: none; margin-block-end: 14.8px;\" data-start=\"706\" data-end=\"733\">Pourquoi \u201cAyako Art\u201d ?<\/h6><p style=\"font-style: normal; font-variant-ligatures: normal; font-variant-caps: normal; font-weight: 400; font-size: 16px; font-family: -apple-system, BlinkMacSystemFont, 'Segoe UI', Roboto, Helvetica, Arial, sans-serif, 'Apple Color Emoji', 'Segoe UI Emoji', 'Segoe UI Symbol'; margin-block-end: 24px;\" data-start=\"735\" data-end=\"899\">Le nom\u00a0<strong>Ayako\u00a0<\/strong>(\u5f69\u5b50 \/ \u7dbe\u5b50 \/ \u6587\u5b50) est d\u2019origine japonaise et poss\u00e8de plusieurs significations possibles selon les kanji utilis\u00e9s.<br data-start=\"862\" data-end=\"865\" \/>Parmi les sens les plus courants :<\/p><ul data-start=\"901\" data-end=\"1096\"><li data-start=\"901\" data-end=\"941\"><p data-start=\"903\" data-end=\"941\"><strong data-start=\"903\" data-end=\"914\">\u5f69 (aya)<\/strong> \u2192 couleur, \u00e9clat, nuance<\/p><\/li><li data-start=\"942\" data-end=\"982\"><p data-start=\"944\" data-end=\"982\"><strong data-start=\"944\" data-end=\"955\">\u7dbe (aya)<\/strong> \u2192 motif, tissage d\u00e9licat<\/p><\/li><li data-start=\"983\" data-end=\"1044\"><p data-start=\"985\" data-end=\"1044\"><strong data-start=\"985\" data-end=\"995\">\u5b50 (ko)<\/strong> \u2192 enfant \/ fille, suffixe traditionnel f\u00e9minin<\/p><\/li><li data-start=\"1045\" data-end=\"1096\"><p data-start=\"1047\" data-end=\"1096\"><strong data-start=\"1047\" data-end=\"1065\">\u6587 (aya \/ fumi)<\/strong> \u2192 \u00e9criture, motif artistique<\/p><\/li><\/ul>\t\t\t\t\t\t\t\t<\/div>\n\t\t\t\t\t<\/div>\n\t\t<\/div>\n\t\t\t\t<div class=\"elementor-column elementor-col-50 elementor-top-column elementor-element elementor-element-a271c13\" data-id=\"a271c13\" data-element_type=\"column\" data-e-type=\"column\">\n\t\t\t<div class=\"elementor-widget-wrap elementor-element-populated\">\n\t\t\t\t\t\t<div class=\"elementor-element elementor-element-5f685f3 elementor-widget__width-initial elementor-widget elementor-widget-text-editor\" data-id=\"5f685f3\" data-element_type=\"widget\" data-e-type=\"widget\" data-widget_type=\"text-editor.default\">\n\t\t\t\t\t\t\t\t\t<p data-start=\"1098\" data-end=\"1247\">Ainsi,\u00a0<em data-start=\"1105\" data-end=\"1112\">Ayako<\/em>\u00a0peut se traduire par :<\/p><p data-start=\"1098\" data-end=\"1247\">\u2728 \u201cEnfant des couleurs\u201d<br data-start=\"1165\" data-end=\"1168\" \/>\u2728 \u201cCelle qui tisse de beaux motifs\u201d<br data-start=\"1207\" data-end=\"1210\" \/>\u2728 \u201cFille des arts et des nuances\u201d<\/p><p data-start=\"706\" data-end=\"733\"><span style=\"font-family: inherit; font-size: inherit; font-style: inherit; font-variant-ligatures: inherit; font-variant-caps: inherit; color: #3f4245;\">Des significations qui r\u00e9sonnent parfaitement avec mon travail, fait de couleurs, de d\u00e9tails, de patience et de passion.<\/span><\/p><p data-start=\"1249\" data-end=\"1549\">J\u2019ai choisi ce nom car il repr\u00e9sente \u00e0 la fois la douceur du Japon, la finesse des motifs et la cr\u00e9ativit\u00e9 color\u00e9e que j\u2019aime transmettre dans chacune de mes pi\u00e8ces.<\/p>\t\t\t\t\t\t\t\t<\/div>\n\t\t\t\t\t<\/div>\n\t\t<\/div>\n\t\t\t\t\t<\/div>\n\t\t<\/section>\n\t\t\t\t<section class=\"elementor-section elementor-top-section elementor-element elementor-element-7e10026 elementor-section-boxed elementor-section-height-default elementor-section-height-default\" data-id=\"7e10026\" data-element_type=\"section\" data-e-type=\"section\">\n\t\t\t\t\t\t<div class=\"elementor-container elementor-column-gap-default\">\n\t\t\t\t\t<div class=\"elementor-column elementor-col-100 elementor-top-column elementor-element elementor-element-29a05d9\" data-id=\"29a05d9\" data-element_type=\"column\" data-e-type=\"column\">\n\t\t\t<div class=\"elementor-widget-wrap elementor-element-populated\">\n\t\t\t\t\t\t<div class=\"elementor-element elementor-element-78f88b4 elementor-widget elementor-widget-heading\" data-id=\"78f88b4\" data-element_type=\"widget\" data-e-type=\"widget\" data-widget_type=\"heading.default\">\n\t\t\t\t\t<h2 class=\"elementor-heading-title elementor-size-default\">Mon histoire<\/h2>\t\t\t\t<\/div>\n\t\t\t\t\t<\/div>\n\t\t<\/div>\n\t\t\t\t\t<\/div>\n\t\t<\/section>\n\t\t\t\t<section class=\"elementor-section elementor-top-section elementor-element elementor-element-7bcec0a elementor-section-content-middle elementor-section-boxed elementor-section-height-default elementor-section-height-default\" data-id=\"7bcec0a\" data-element_type=\"section\" data-e-type=\"section\">\n\t\t\t\t\t\t<div class=\"elementor-container elementor-column-gap-wide\">\n\t\t\t\t\t<div class=\"elementor-column elementor-col-50 elementor-top-column elementor-element elementor-element-fcc8d49\" data-id=\"fcc8d49\" data-element_type=\"column\" data-e-type=\"column\">\n\t\t\t<div class=\"elementor-widget-wrap elementor-element-populated\">\n\t\t\t\t\t\t<div class=\"elementor-element elementor-element-9c29062 elementor-widget elementor-widget-image\" data-id=\"9c29062\" data-element_type=\"widget\" data-e-type=\"widget\" data-widget_type=\"image.default\">\n\t\t\t\t\t\t\t\t\t\t\t\t\t\t\t<img fetchpriority=\"high\" decoding=\"async\" width=\"596\" height=\"722\" src=\"https:\/\/ayako-art.ch\/wp-content\/uploads\/2025\/12\/Image-6-e1765207161988.jpg\" class=\"attachment-full size-full wp-image-2139\" alt=\"\" srcset=\"https:\/\/ayako-art.ch\/wp-content\/uploads\/2025\/12\/Image-6-e1765207161988.jpg 596w, https:\/\/ayako-art.ch\/wp-content\/uploads\/2025\/12\/Image-6-e1765207161988-248x300.jpg 248w, https:\/\/ayako-art.ch\/wp-content\/uploads\/2025\/12\/Image-6-e1765207161988-300x363.jpg 300w\" sizes=\"(max-width: 596px) 100vw, 596px\" \/>\t\t\t\t\t\t\t\t\t\t\t\t\t\t\t<\/div>\n\t\t\t\t\t<\/div>\n\t\t<\/div>\n\t\t\t\t<div class=\"elementor-column elementor-col-50 elementor-top-column elementor-element elementor-element-9c4c2bb\" data-id=\"9c4c2bb\" data-element_type=\"column\" data-e-type=\"column\">\n\t\t\t<div class=\"elementor-widget-wrap elementor-element-populated\">\n\t\t\t\t\t\t<div class=\"elementor-element elementor-element-e7a8d96 elementor-widget elementor-widget-heading\" data-id=\"e7a8d96\" data-element_type=\"widget\" data-e-type=\"widget\" data-widget_type=\"heading.default\">\n\t\t\t\t\t<h3 class=\"elementor-heading-title elementor-size-default\">Une passion devenue projet<\/h3>\t\t\t\t<\/div>\n\t\t\t\t<div class=\"elementor-element elementor-element-af00849 elementor-widget elementor-widget-text-editor\" data-id=\"af00849\" data-element_type=\"widget\" data-e-type=\"widget\" data-widget_type=\"text-editor.default\">\n\t\t\t\t\t\t\t\t\t<p data-start=\"1809\" data-end=\"1974\">Depuis toujours, je suis fascin\u00e9e par les anim\u00e9s, la pop culture japonaise et les univers fantastiques.<br data-start=\"1912\" data-end=\"1915\" \/>Cr\u00e9er est pour moi une fa\u00e7on de donner vie \u00e0 cette passion.<\/p><p data-start=\"1976\" data-end=\"2284\">En exposant dans diff\u00e9rents festivals notamment au Kiyo Festival \u00e0 Gland, o\u00f9 j\u2019ai pr\u00e9sent\u00e9 mes cr\u00e9ations, j\u2019ai r\u00e9alis\u00e9 \u00e0 quel point l\u2019art pouvait rassembler.<br data-start=\"2150\" data-end=\"2153\" \/>C\u2019est ce qui m\u2019a motiv\u00e9e \u00e0 ouvrir ma boutique.<\/p><p data-start=\"1976\" data-end=\"2284\">Permettre \u00e0 chacun de trouver une cr\u00e9ation unique, faite avec amour et imagination.<\/p>\t\t\t\t\t\t\t\t<\/div>\n\t\t\t\t\t<\/div>\n\t\t<\/div>\n\t\t\t\t\t<\/div>\n\t\t<\/section>\n\t\t\t\t<\/div>\n\t\t","protected":false},"excerpt":{"rendered":"<p>Ayako Art Bienvenue dans mon univers cr\u00e9atif \u2728 Je m\u2019appelle St\u00e9phanie, et je suis la cr\u00e9atrice derri\u00e8re Ayako Art, un atelier artisanal sp\u00e9cialis\u00e9 dans les cr\u00e9ations inspir\u00e9es des anim\u00e9s, de la culture japonaise et des mondes fantastiques. Pourquoi \u201cAyako Art\u201d ? Le nom\u00a0Ayako\u00a0(\u5f69\u5b50 \/ \u7dbe\u5b50 \/ \u6587\u5b50) est d\u2019origine japonaise et poss\u00e8de plusieurs significations possibles [&hellip;]<\/p>\n","protected":false},"author":1,"featured_media":0,"parent":0,"menu_order":0,"comment_status":"closed","ping_status":"closed","template":"","meta":{"footnotes":""},"class_list":["post-1039","page","type-page","status-publish","hentry"],"blocksy_meta":{"styles_descriptor":{"styles":{"desktop":"","tablet":"","mobile":""},"google_fonts":[],"version":6}},"jetpack_sharing_enabled":true,"_links":{"self":[{"href":"https:\/\/ayako-art.ch\/index.php?rest_route=\/wp\/v2\/pages\/1039","targetHints":{"allow":["GET"]}}],"collection":[{"href":"https:\/\/ayako-art.ch\/index.php?rest_route=\/wp\/v2\/pages"}],"about":[{"href":"https:\/\/ayako-art.ch\/index.php?rest_route=\/wp\/v2\/types\/page"}],"author":[{"embeddable":true,"href":"https:\/\/ayako-art.ch\/index.php?rest_route=\/wp\/v2\/users\/1"}],"replies":[{"embeddable":true,"href":"https:\/\/ayako-art.ch\/index.php?rest_route=%2Fwp%2Fv2%2Fcomments&post=1039"}],"version-history":[{"count":13,"href":"https:\/\/ayako-art.ch\/index.php?rest_route=\/wp\/v2\/pages\/1039\/revisions"}],"predecessor-version":[{"id":2151,"href":"https:\/\/ayako-art.ch\/index.php?rest_route=\/wp\/v2\/pages\/1039\/revisions\/2151"}],"wp:attachment":[{"href":"https:\/\/ayako-art.ch\/index.php?rest_route=%2Fwp%2Fv2%2Fmedia&parent=1039"}],"curies":[{"name":"wp","href":"https:\/\/api.w.org\/{rel}","templated":true}]}}